{"id":1735,"date":"2020-06-19T14:40:08","date_gmt":"2020-06-19T14:40:08","guid":{"rendered":"http:\/\/evanspublishers.com\/estore\/?post_type=product&#038;p=1735"},"modified":"2024-03-18T14:28:40","modified_gmt":"2024-03-18T14:28:40","slug":"the-women-of-orena-are-greater-than-the-gods","status":"publish","type":"product","link":"https:\/\/evanspublishers.com\/estore\/product\/the-women-of-orena-are-greater-than-the-gods\/","title":{"rendered":"The Women of Orena are Greater than the Gods"},"content":{"rendered":"","protected":false},"excerpt":{"rendered":"<p>The Women of Or\u00e9n\u00e0 Are Wiser Than the Gods presents the collective resistance by the women of Or\u00e9n\u00e0 against the gods for undue revenge through armistice, cooperation and adherence to deliberate abstinence from child bearing.<br \/>\nThey took advantage of being the only endowed source of procreation and threatened to kill the existence of the gods in their consciousness. The success of the collective resistance by the women against oppressive traditions in Or\u00e9n\u00e0 indicates that the women are wiser than the gods.<\/p>\n","protected":false},"featured_media":1877,"template":"","meta":{"_mo_disable_npp":""},"product_cat":[122,242,102,106,112],"product_tag":[],"class_list":{"0":"post-1735","1":"product","2":"type-product","3":"status-publish","4":"has-post-thumbnail","6":"product_cat-evans-books","7":"product_cat-general-tertiary-titles","8":"product_cat-general-interest","9":"product_cat-reader","10":"product_cat-story-books","12":"first","13":"instock","14":"shipping-taxable","15":"purchasable","16":"product-type-simple"},"jetpack_sharing_enabled":true,"jetpack-related-posts":[],"_links":{"self":[{"href":"https:\/\/evanspublishers.com\/estore\/wp-json\/wp\/v2\/product\/1735","targetHints":{"allow":["GET"]}}],"collection":[{"href":"https:\/\/evanspublishers.com\/estore\/wp-json\/wp\/v2\/product"}],"about":[{"href":"https:\/\/evanspublishers.com\/estore\/wp-json\/wp\/v2\/types\/product"}],"wp:featuredmedia":[{"embeddable":true,"href":"https:\/\/evanspublishers.com\/estore\/wp-json\/wp\/v2\/media\/1877"}],"wp:attachment":[{"href":"https:\/\/evanspublishers.com\/estore\/wp-json\/wp\/v2\/media?parent=1735"}],"wp:term":[{"taxonomy":"product_cat","embeddable":true,"href":"https:\/\/evanspublishers.com\/estore\/wp-json\/wp\/v2\/product_cat?post=1735"},{"taxonomy":"product_tag","embeddable":true,"href":"https:\/\/evanspublishers.com\/estore\/wp-json\/wp\/v2\/product_tag?post=1735"}],"curies":[{"name":"wp","href":"https:\/\/api.w.org\/{rel}","templated":true}]}}